{"id":7986,"date":"2024-02-19T17:14:45","date_gmt":"2024-02-19T17:14:45","guid":{"rendered":"https:\/\/www.deckline.com.tr\/en\/?post_type=product&#038;p=7986"},"modified":"2024-02-20T02:27:24","modified_gmt":"2024-02-20T02:27:24","slug":"mercan-aluminyum-tek-kanat-bahce-kapisi","status":"publish","type":"product","link":"https:\/\/www.deckline.com.tr\/en\/en\/urun\/mercan-aluminyum-tek-kanat-bahce-kapisi\/","title":{"rendered":"Mercan Al\u00fcminyum Tek Kanat Bah\u00e7e Kap\u0131s\u0131"},"content":{"rendered":"<div class=\"wpb-content-wrapper\"><p>[vc_row][vc_column][vc_column_text text_larger=&#8221;no&#8221;]Geli\u015ftirilmi\u015f kompozit form\u00fcl\u00fc, d\u00f6rt mevsim boyunca t\u00fcm d\u0131\u015f etkenlere ve etkilere kar\u015f\u0131 dayan\u0131kl\u0131l\u0131\u011f\u0131, uzun \u00f6m\u00fcrl\u00fcl\u00fc\u011f\u00fc ve direnci garanti eder.<\/p>\n<p><strong>Deckline Klasik Deck<\/strong>\u00a0\u00f6zenle se\u00e7ilmi\u015f 4 farkl\u0131 renke sahiptir.<\/p>\n<p><strong>Mevcut Renkler:<\/strong>\u00a0Gri, Antrasit, Me\u015fe ve Koyu Kahve<\/p>\n<p>Bak\u0131m veya kaplama gerektirmeyen zemin kaplamas\u0131 istiyorsan\u0131z,\u00a0<strong>Deckline Klasik Deck<\/strong>\u00a0<strong><em>DO\u011eRU SE\u00c7\u0130MD\u0130R.<\/em><\/strong><\/p>\n<p><strong>WPC Deck zeminler; Teras\u0131n\u0131z, Bah\u00e7eniz, Y\u00fczme Havuzunuz, Yazl\u0131k Eviniz i\u00e7in<em>\u00a0KALICI B\u0130R \u00c7\u00d6Z\u00dcMD\u00dcR.<\/em><\/strong>[\/vc_column_text][\/vc_column][\/vc_row][vc_row][vc_column][vc_raw_html]JTVCaHRtbF9ibG9jayUyMGlkJTNEJTIyNzk3MCUyMiU1RA==[\/vc_raw_html][\/vc_column][\/vc_row]<\/p>\n<\/div>","protected":false},"excerpt":{"rendered":"<p>Tamamen monte edilmi\u015f Tek Kanat Bah\u00e7e Kap\u0131lar\u0131m\u0131z; Bah\u00e7eniz i\u00e7in hem \u015f\u0131k, hem de g\u00fcvenli bir \u00e7\u00f6z\u00fcm sunar. Bu kap\u0131lar, paslanmaz al\u00fcminyum \u00e7er\u00e7eveler ve \u00e7evre dostu kompozit \u00e7\u0131talar ve panellerden olu\u015fmaktad\u0131r<\/p>\n","protected":false},"featured_media":8164,"template":"","meta":[],"product_cat":[72,78],"product_tag":[],"class_list":{"0":"post-7986","1":"product","2":"type-product","3":"status-publish","4":"has-post-thumbnail","6":"product_cat-bahce-kapi-sistemleri","7":"product_cat-tek-kanat-bahce-kapisi","9":"first","10":"instock","11":"shipping-taxable","12":"product-type-variable"},"_links":{"self":[{"href":"https:\/\/www.deckline.com.tr\/en\/wp-json\/wp\/v2\/product\/7986","targetHints":{"allow":["GET"]}}],"collection":[{"href":"https:\/\/www.deckline.com.tr\/en\/wp-json\/wp\/v2\/product"}],"about":[{"href":"https:\/\/www.deckline.com.tr\/en\/wp-json\/wp\/v2\/types\/product"}],"wp:featuredmedia":[{"embeddable":true,"href":"https:\/\/www.deckline.com.tr\/en\/wp-json\/wp\/v2\/media\/8164"}],"wp:attachment":[{"href":"https:\/\/www.deckline.com.tr\/en\/wp-json\/wp\/v2\/media?parent=7986"}],"wp:term":[{"taxonomy":"product_cat","embeddable":true,"href":"https:\/\/www.deckline.com.tr\/en\/wp-json\/wp\/v2\/product_cat?post=7986"},{"taxonomy":"product_tag","embeddable":true,"href":"https:\/\/www.deckline.com.tr\/en\/wp-json\/wp\/v2\/product_tag?post=7986"}],"curies":[{"name":"wp","href":"https:\/\/api.w.org\/{rel}","templated":true}]}}