{"id":7632,"date":"2024-02-15T08:19:22","date_gmt":"2024-02-15T08:19:22","guid":{"rendered":"https:\/\/www.deckline.com.tr\/en\/?post_type=product&#038;p=7632"},"modified":"2024-02-22T10:36:28","modified_gmt":"2024-02-22T10:36:28","slug":"dekoratif-panel","status":"publish","type":"product","link":"https:\/\/www.deckline.com.tr\/en\/en\/urun\/dekoratif-panel\/","title":{"rendered":"Dekoratif Panel"},"content":{"rendered":"<div class=\"wpb-content-wrapper\"><p>[vc_row][vc_column][vc_raw_html]JTVCaHRtbF9ibG9jayUyMGlkJTNEJTIyNzYzNyUyMiU1RA==[\/vc_raw_html][\/vc_column][\/vc_row][vc_row][vc_column][vc_raw_html]JTVCaHRtbF9ibG9jayUyMGlkJTNEJTIyODMyMCUyMiU1RA==[\/vc_raw_html][\/vc_column][\/vc_row]<\/p>\n<\/div>","protected":false},"excerpt":{"rendered":"<p>Bu \u00e7arp\u0131c\u0131 paneli i\u00e7 ve d\u0131\u015f mekanlarda g\u00f6z al\u0131c\u0131 \u00f6zellikler olu\u015fturmak i\u00e7in kullanabilirsiniz. Duvara monte ederek dekoratif bir odak noktas\u0131 veya zarif bir bah\u00e7e kafesi olu\u015fturabilirsiniz. Ayr\u0131ca, bu paneli kullanarak \u015f\u0131k bir \u00e7\u00f6p kutusu perdesi, b\u00f6lme veya gizlilik perdesi tasarlayabilirsiniz.<\/p>\n<p>Hava ko\u015fullar\u0131na dayan\u0131kl\u0131 birinci s\u0131n\u0131f kompozit malzememiz, g\u00fc\u00e7l\u00fc, dayan\u0131kl\u0131 ve kolayca temizlenebilir \u00f6zelliklere sahiptir. Bu sayede, y\u0131llar boyunca dayan\u0131kl\u0131l\u0131\u011f\u0131n\u0131 koruyarak hayalinizdeki alan\u0131 tasarlamak m\u00fcmk\u00fcn olacakt\u0131r. \u00dcr\u00fcnlerimizin kurulumu kolayd\u0131r ve kurulum videolar\u0131m\u0131zdan destek alabilirsiniz. Ayr\u0131ca, t\u00fcm bu avantajlar\u0131n yan\u0131nda, 15 y\u0131ll\u0131k inan\u0131lmaz bir garanti de sunmaktay\u0131z.<\/p>\n","protected":false},"featured_media":8303,"template":"","meta":[],"product_cat":[46],"product_tag":[],"class_list":{"0":"post-7632","1":"product","2":"type-product","3":"status-publish","4":"has-post-thumbnail","6":"product_cat-panel","8":"first","9":"instock","10":"shipping-taxable","11":"product-type-variable"},"_links":{"self":[{"href":"https:\/\/www.deckline.com.tr\/en\/wp-json\/wp\/v2\/product\/7632","targetHints":{"allow":["GET"]}}],"collection":[{"href":"https:\/\/www.deckline.com.tr\/en\/wp-json\/wp\/v2\/product"}],"about":[{"href":"https:\/\/www.deckline.com.tr\/en\/wp-json\/wp\/v2\/types\/product"}],"wp:featuredmedia":[{"embeddable":true,"href":"https:\/\/www.deckline.com.tr\/en\/wp-json\/wp\/v2\/media\/8303"}],"wp:attachment":[{"href":"https:\/\/www.deckline.com.tr\/en\/wp-json\/wp\/v2\/media?parent=7632"}],"wp:term":[{"taxonomy":"product_cat","embeddable":true,"href":"https:\/\/www.deckline.com.tr\/en\/wp-json\/wp\/v2\/product_cat?post=7632"},{"taxonomy":"product_tag","embeddable":true,"href":"https:\/\/www.deckline.com.tr\/en\/wp-json\/wp\/v2\/product_tag?post=7632"}],"curies":[{"name":"wp","href":"https:\/\/api.w.org\/{rel}","templated":true}]}}