{"id":7626,"date":"2024-02-15T08:11:51","date_gmt":"2024-02-15T08:11:51","guid":{"rendered":"https:\/\/www.deckline.com.tr\/en\/?post_type=product&#038;p=7626"},"modified":"2024-02-20T09:53:39","modified_gmt":"2024-02-20T09:53:39","slug":"pergola-sistemleri","status":"publish","type":"product","link":"https:\/\/www.deckline.com.tr\/en\/en\/urun\/pergola-sistemleri\/","title":{"rendered":"Pergola Sistemleri"},"content":{"rendered":"<div class=\"wpb-content-wrapper\"><p>[vc_row][vc_column][vc_column_text text_larger=&#8221;no&#8221;]Geli\u015ftirilmi\u015f kompozit form\u00fcl\u00fc, d\u00f6rt mevsim boyunca t\u00fcm d\u0131\u015f etkenlere ve etkilere kar\u015f\u0131 dayan\u0131kl\u0131l\u0131\u011f\u0131, uzun \u00f6m\u00fcrl\u00fcl\u00fc\u011f\u00fc ve direnci garanti eder.<\/p>\n<p><strong>Deckline Pergola<\/strong>\u00a0\u00f6zenle se\u00e7ilmi\u015f 4 farkl\u0131 renke sahiptir.<\/p>\n<p><strong>Mevcut Renkler:<\/strong>\u00a0Gri, Antrasit, Me\u015fe ve Koyu Kahve<\/p>\n<p><strong>Deckline Pergola <\/strong><strong><em>DO\u011eRU SE\u00c7\u0130MD\u0130R.<\/em><\/strong><\/p>\n<p><strong>Deckline Pergola; Teras\u0131n\u0131z, Bah\u00e7eniz, Yazl\u0131k Eviniz i\u00e7in<em>\u00a0KALICI B\u0130R \u00c7\u00d6Z\u00dcMD\u00dcR.<\/em><\/strong>[\/vc_column_text][\/vc_column][\/vc_row][vc_row][vc_column][vc_raw_html]JTVCaHRtbF9ibG9jayUyMGlkJTNEJTIyNzYxMSUyMiU1RA==[\/vc_raw_html][\/vc_column][\/vc_row]<\/p>\n<\/div>","protected":false},"excerpt":{"rendered":"<p>Deckline Pergola Sistemleri, a\u00e7\u0131k hava ya\u015fam alanlar\u0131n\u0131 g\u00fczelle\u015ftirmek, g\u00f6lgeli bir ortam yaratmak ve estetik bir g\u00f6r\u00fcn\u00fcm sa\u011flamak i\u00e7in tasarlanm\u0131\u015ft\u0131r.<\/p>\n","protected":false},"featured_media":7645,"template":"","meta":[],"product_cat":[42],"product_tag":[],"class_list":{"0":"post-7626","1":"product","2":"type-product","3":"status-publish","4":"has-post-thumbnail","6":"product_cat-pergola","8":"first","9":"instock","10":"shipping-taxable","11":"product-type-variable"},"_links":{"self":[{"href":"https:\/\/www.deckline.com.tr\/en\/wp-json\/wp\/v2\/product\/7626","targetHints":{"allow":["GET"]}}],"collection":[{"href":"https:\/\/www.deckline.com.tr\/en\/wp-json\/wp\/v2\/product"}],"about":[{"href":"https:\/\/www.deckline.com.tr\/en\/wp-json\/wp\/v2\/types\/product"}],"wp:featuredmedia":[{"embeddable":true,"href":"https:\/\/www.deckline.com.tr\/en\/wp-json\/wp\/v2\/media\/7645"}],"wp:attachment":[{"href":"https:\/\/www.deckline.com.tr\/en\/wp-json\/wp\/v2\/media?parent=7626"}],"wp:term":[{"taxonomy":"product_cat","embeddable":true,"href":"https:\/\/www.deckline.com.tr\/en\/wp-json\/wp\/v2\/product_cat?post=7626"},{"taxonomy":"product_tag","embeddable":true,"href":"https:\/\/www.deckline.com.tr\/en\/wp-json\/wp\/v2\/product_tag?post=7626"}],"curies":[{"name":"wp","href":"https:\/\/api.w.org\/{rel}","templated":true}]}}