{"id":7532,"date":"2024-02-14T07:30:13","date_gmt":"2024-02-14T07:30:13","guid":{"rendered":"https:\/\/www.deckline.com.tr\/en\/?page_id=7532"},"modified":"2024-02-14T12:25:48","modified_gmt":"2024-02-14T12:25:48","slug":"hakkimizda","status":"publish","type":"page","link":"https:\/\/www.deckline.com.tr\/en\/hakkimizda\/","title":{"rendered":"Hakk\u0131m\u0131zda"},"content":{"rendered":"<div class=\"wpb-content-wrapper\"><p>[vc_row gap=&#8221;35&#8243; equal_height=&#8221;yes&#8221; content_placement=&#8221;top&#8221; css=&#8221;.vc_custom_1538568615552{margin-bottom: 4vh !important;}&#8221; woodmart_parallax=&#8221;0&#8243; woodmart_gradient_switch=&#8221;no&#8221; row_reverse_mobile=&#8221;0&#8243; row_reverse_tablet=&#8221;0&#8243; woodmart_disable_overflow=&#8221;0&#8243;][vc_column woodmart_parallax=&#8221;0&#8243; parallax_scroll=&#8221;no&#8221; woodmart_sticky_column=&#8221;false&#8221; css=&#8221;.vc_custom_1538568458450{margin-bottom: 4vh !important;padding-top: 0px !important;}&#8221; offset=&#8221;vc_col-lg-6 vc_col-md-6 vc_col-xs-12&#8243;][vc_single_image image=&#8221;7553&#8243; img_size=&#8221;full&#8221; alignment=&#8221;center&#8221; parallax_scroll=&#8221;no&#8221; css=&#8221;.vc_custom_1707908238412{margin-bottom: 0px !important;}&#8221;][\/vc_column][vc_column woodmart_color_scheme=&#8221;dark&#8221; woodmart_parallax=&#8221;0&#8243; parallax_scroll=&#8221;no&#8221; woodmart_sticky_column=&#8221;false&#8221; css=&#8221;.vc_custom_1538568468606{margin-bottom: 4vh !important;padding-top: 0px !important;}&#8221; offset=&#8221;vc_col-lg-6 vc_col-md-6 vc_col-xs-12&#8243;]\n\t\t<div id=\"wd-65ccb0b1942bc\" class=\"title-wrapper wd-wpb set-mb-s reset-last-child  wd-rs-65ccb0b1942bc wd-title-color-default wd-title-style-default text-left  wd-underline-colored\">\n\t\t\t\n\t\t\t<div class=\"liner-continer\">\n\t\t\t\t<h4 class=\"woodmart-title-container title  wd-font-weight- wd-fontsize-l\" >T\u00fcm Deckline \u00dcr\u00fcnleri %100 T\u00fcrkiye'de \u00dcretilmektedir.<\/h4>\n\t\t\t\t\t\t\t<\/div>\n\t\t\t\n\t\t\t\t\t\t\t<div class=\"title-after_title  set-cont-mb-s reset-last-child  wd-fontsize-xs\">Deckline, geri d\u00f6n\u00fc\u015ft\u00fcr\u00fclm\u00fc\u015f plastik ve her sene kendini yenileyen tar\u0131msal at\u0131k olan pirin\u00e7 kabu\u011fundan (\u00e7eltik) \u00fcretilen bir kompozittir. \u00dcretim a\u015famas\u0131nda \u00e7evreye ve insan sa\u011fl\u0131\u011f\u0131na zararl\u0131 hi\u00e7bir madde kullan\u0131lmamaktad\u0131r. Deckline'\u0131n kalite politikas\u0131, ev ve end\u00fcstriyel kullan\u0131m i\u00e7in belirlenmi\u015f test normlar\u0131na uygun \u00fcr\u00fcnler \u00fcretmeyi ama\u00e7lamaktad\u0131r ve bu standartlar\u0131 kar\u015f\u0131layan test raporlar\u0131 mevcuttur.<\/p>\n<p>Deckline, sadece do\u011fal i\u00e7erikleri geli\u015ftirmekle kalmay\u0131p, ayn\u0131 zamanda \u00e7ekici bir tasar\u0131m \u00f6zelli\u011fi de sunmaktad\u0131r.<\/div>\n\t\t\t\n\t\t\t\n\t\t<\/div>\n\t\t\n\t\t[\/vc_column][\/vc_row]<\/p>\n<\/div>","protected":false},"excerpt":{"rendered":"<p>[vc_row gap=&#8221;35&#8243; equal_height=&#8221;yes&#8221; content_placement=&#8221;top&#8221; css=&#8221;.vc_custom_1538568615552{margin-bottom: 4vh !important;}&#8221; woodmart_parallax=&#8221;0&#8243; woodmart_gradient_switch=&#8221;no&#8221; row_reverse_mobile=&#8221;0&#8243; row_reverse_tablet=&#8221;0&#8243; woodmart_disable_overflow=&#8221;0&#8243;][vc_column woodmart_parallax=&#8221;0&#8243; parallax_scroll=&#8221;no&#8221; woodmart_sticky_column=&#8221;false&#8221; css=&#8221;.vc_custom_1538568458450{margin-bottom: 4vh !important;padding-top: 0px !important;}&#8221;<\/p>\n","protected":false},"author":1,"featured_media":0,"parent":0,"menu_order":0,"comment_status":"closed","ping_status":"closed","template":"","meta":{"footnotes":""},"class_list":["post-7532","page","type-page","status-publish","hentry"],"_links":{"self":[{"href":"https:\/\/www.deckline.com.tr\/en\/wp-json\/wp\/v2\/pages\/7532","targetHints":{"allow":["GET"]}}],"collection":[{"href":"https:\/\/www.deckline.com.tr\/en\/wp-json\/wp\/v2\/pages"}],"about":[{"href":"https:\/\/www.deckline.com.tr\/en\/wp-json\/wp\/v2\/types\/page"}],"author":[{"embeddable":true,"href":"https:\/\/www.deckline.com.tr\/en\/wp-json\/wp\/v2\/users\/1"}],"replies":[{"embeddable":true,"href":"https:\/\/www.deckline.com.tr\/en\/wp-json\/wp\/v2\/comments?post=7532"}],"version-history":[{"count":8,"href":"https:\/\/www.deckline.com.tr\/en\/wp-json\/wp\/v2\/pages\/7532\/revisions"}],"predecessor-version":[{"id":7567,"href":"https:\/\/www.deckline.com.tr\/en\/wp-json\/wp\/v2\/pages\/7532\/revisions\/7567"}],"wp:attachment":[{"href":"https:\/\/www.deckline.com.tr\/en\/wp-json\/wp\/v2\/media?parent=7532"}],"curies":[{"name":"wp","href":"https:\/\/api.w.org\/{rel}","templated":true}]}}